{"id":474,"date":"2025-07-12T16:28:58","date_gmt":"2025-07-12T14:28:58","guid":{"rendered":"https:\/\/nextco-media.com\/?page_id=474"},"modified":"2025-07-19T12:24:16","modified_gmt":"2025-07-19T10:24:16","slug":"assistanat-virtuel","status":"publish","type":"page","link":"https:\/\/nextco-media.com\/?page_id=474","title":{"rendered":"ASSISTANAT VIRTUEL"},"content":{"rendered":"\t\t<div data-elementor-type=\"wp-page\" data-elementor-id=\"474\" class=\"elementor elementor-474\">\n\t\t\t\t\t\t<section class=\"elementor-section elementor-top-section elementor-element elementor-element-5c3872c5 elementor-section-stretched elementor-section-boxed elementor-section-height-default elementor-section-height-default\" data-id=\"5c3872c5\" data-element_type=\"section\" data-settings=\"{&quot;stretch_section&quot;:&quot;section-stretched&quot;,&quot;background_background&quot;:&quot;classic&quot;}\">\n\t\t\t\t\t\t<div class=\"elementor-container elementor-column-gap-no\">\n\t\t\t\t\t<div class=\"elementor-column elementor-col-100 elementor-top-column elementor-element elementor-element-33e4de55\" data-id=\"33e4de55\" data-element_type=\"column\">\n\t\t\t<div class=\"elementor-widget-wrap elementor-element-populated\">\n\t\t\t\t\t\t<section class=\"elementor-section elementor-inner-section elementor-element elementor-element-4eb0f9d7 elementor-section-content-bottom elementor-section-boxed elementor-section-height-default elementor-section-height-default\" data-id=\"4eb0f9d7\" data-element_type=\"section\">\n\t\t\t\t\t\t<div class=\"elementor-container elementor-column-gap-no\">\n\t\t\t\t\t<div class=\"elementor-column elementor-col-100 elementor-inner-column elementor-element elementor-element-7303b7c5 elementor-invisible\" data-id=\"7303b7c5\" data-element_type=\"column\" data-settings=\"{&quot;animation&quot;:&quot;zoomIn&quot;}\">\n\t\t\t<div class=\"elementor-widget-wrap elementor-element-populated\">\n\t\t\t\t\t\t<div class=\"elementor-element elementor-element-52afe530 elementor-widget elementor-widget-heading\" data-id=\"52afe530\" data-element_type=\"widget\" data-widget_type=\"heading.default\">\n\t\t\t\t<div class=\"elementor-widget-container\">\n\t\t\t\t\t<h1 class=\"elementor-heading-title elementor-size-default\">ASSISTANAT VIRTUEL<\/h1>\t\t\t\t<\/div>\n\t\t\t\t<\/div>\n\t\t\t\t\t<\/div>\n\t\t<\/div>\n\t\t\t\t\t<\/div>\n\t\t<\/section>\n\t\t\t\t\t<\/div>\n\t\t<\/div>\n\t\t\t\t\t<\/div>\n\t\t<\/section>\n\t\t\t\t<section class=\"elementor-section elementor-top-section elementor-element elementor-element-57bec242 elementor-section-boxed elementor-section-height-default elementor-section-height-default\" data-id=\"57bec242\" data-element_type=\"section\" data-settings=\"{&quot;background_background&quot;:&quot;classic&quot;}\">\n\t\t\t\t\t\t<div class=\"elementor-container elementor-column-gap-no\">\n\t\t\t\t\t<div class=\"elementor-column elementor-col-50 elementor-top-column elementor-element elementor-element-53db0087 elementor-invisible\" data-id=\"53db0087\" data-element_type=\"column\" data-settings=\"{&quot;background_background&quot;:&quot;classic&quot;,&quot;animation&quot;:&quot;fadeInLeft&quot;}\">\n\t\t\t<div class=\"elementor-widget-wrap elementor-element-populated\">\n\t\t\t\t\t\t<div class=\"elementor-element elementor-element-2837fef elementor-widget elementor-widget-heading\" data-id=\"2837fef\" data-element_type=\"widget\" data-widget_type=\"heading.default\">\n\t\t\t\t<div class=\"elementor-widget-container\">\n\t\t\t\t\t<h1 class=\"elementor-heading-title elementor-size-default\">L\u2019assistanat virtuel : votre alli\u00e9 strat\u00e9gique du quotidien<\/h1>\t\t\t\t<\/div>\n\t\t\t\t<\/div>\n\t\t\t\t<div class=\"elementor-element elementor-element-1849ef3 elementor-widget elementor-widget-text-editor\" data-id=\"1849ef3\" data-element_type=\"widget\" data-widget_type=\"text-editor.default\">\n\t\t\t\t<div class=\"elementor-widget-container\">\n\t\t\t\t\t\t\t\t\t<p>Loin d\u2019\u00eatre une simple ex\u00e9cution de t\u00e2ches, l\u2019assistanat virtuel vous offre un soutien sur-mesure pour optimiser votre organisation, am\u00e9liorer votre productivit\u00e9 et retrouver du temps pour vos priorit\u00e9s.<\/p><p>\ud83d\udccc\u00a0<strong><b>Ce que nous g\u00e9rons pour vous :<\/b><\/strong><\/p><ul><li>Gestion des courriels et de l\u2019agenda<\/li><li>Relances clients et facturation<\/li><li>Prise de rendez-vous et service apr\u00e8s-vente<\/li><li>Support administratif complet<\/li><li>Pr\u00e9paration de documents, rapports, devis<\/li><li>Organisation d\u2019\u00e9v\u00e9nements ou de d\u00e9placements<\/li><li>Suivi de vos r\u00e9seaux sociaux et t\u00e2ches marketing simples<\/li><\/ul><p>Et tout cela, <strong><b>sans les contraintes d\u2019un employ\u00e9 \u00e0 temps plein.<\/b><\/strong><\/p>\t\t\t\t\t\t\t\t<\/div>\n\t\t\t\t<\/div>\n\t\t\t\t\t<\/div>\n\t\t<\/div>\n\t\t\t\t<div class=\"elementor-column elementor-col-50 elementor-top-column elementor-element elementor-element-7e91c944\" data-id=\"7e91c944\" data-element_type=\"column\">\n\t\t\t<div class=\"elementor-widget-wrap elementor-element-populated\">\n\t\t\t\t\t\t<div class=\"elementor-element elementor-element-81e424a elementor-widget elementor-widget-image\" data-id=\"81e424a\" data-element_type=\"widget\" data-widget_type=\"image.default\">\n\t\t\t\t<div class=\"elementor-widget-container\">\n\t\t\t\t\t\t\t\t\t\t\t\t\t\t\t<img fetchpriority=\"high\" decoding=\"async\" width=\"1500\" height=\"1032\" src=\"https:\/\/nextco-media.com\/wp-content\/uploads\/2025\/07\/assistante.jpeg\" class=\"attachment-full size-full wp-image-557\" alt=\"\" srcset=\"https:\/\/nextco-media.com\/wp-content\/uploads\/2025\/07\/assistante.jpeg 1500w, https:\/\/nextco-media.com\/wp-content\/uploads\/2025\/07\/assistante-300x206.jpeg 300w, https:\/\/nextco-media.com\/wp-content\/uploads\/2025\/07\/assistante-1024x705.jpeg 1024w, https:\/\/nextco-media.com\/wp-content\/uploads\/2025\/07\/assistante-768x528.jpeg 768w\" sizes=\"(max-width: 1500px) 100vw, 1500px\" \/>\t\t\t\t\t\t\t\t\t\t\t\t\t\t\t<\/div>\n\t\t\t\t<\/div>\n\t\t\t\t\t<\/div>\n\t\t<\/div>\n\t\t\t\t\t<\/div>\n\t\t<\/section>\n\t\t\t\t<section class=\"elementor-section elementor-top-section elementor-element elementor-element-69399dc elementor-section-boxed elementor-section-height-default elementor-section-height-default\" data-id=\"69399dc\" data-element_type=\"section\" data-settings=\"{&quot;background_background&quot;:&quot;classic&quot;}\">\n\t\t\t\t\t\t<div class=\"elementor-container elementor-column-gap-no\">\n\t\t\t\t\t<div class=\"elementor-column elementor-col-100 elementor-top-column elementor-element elementor-element-ebd2464 elementor-invisible\" data-id=\"ebd2464\" data-element_type=\"column\" data-settings=\"{&quot;background_background&quot;:&quot;classic&quot;,&quot;animation&quot;:&quot;fadeInLeft&quot;}\">\n\t\t\t<div class=\"elementor-widget-wrap elementor-element-populated\">\n\t\t\t\t\t\t<div class=\"elementor-element elementor-element-a607f1d elementor-widget elementor-widget-text-editor\" data-id=\"a607f1d\" data-element_type=\"widget\" data-widget_type=\"text-editor.default\">\n\t\t\t\t<div class=\"elementor-widget-container\">\n\t\t\t\t\t\t\t\t\t<p><strong><b>Un service humain, flexible et 100 % adapt\u00e9 \u00e0 votre rythme<\/b><\/strong><\/p><p>Avec notre solution d\u2019assistanat virtuel, vous b\u00e9n\u00e9ficiez :<br \/>D\u2019une assistante d\u00e9di\u00e9e, form\u00e9e \u00e0 vos outils et \u00e0 votre secteur<br \/>D\u2019un accompagnement rapide, r\u00e9actif et confidentiel<br \/>De forfaits souples selon votre charge de travail<br \/>D\u2019une r\u00e9elle tranquillit\u00e9 d\u2019esprit au quotidien<\/p><p><strong><b>Pourquoi attendre pour d\u00e9l\u00e9guer ?<\/b><\/strong><\/p><p>D\u00e9l\u00e9guer, ce n\u2019est pas perdre le contr\u00f4le : <strong><b>c\u2019est reprendre le pouvoir sur votre temps.<\/b><\/strong><br \/>Nos clients t\u00e9moignent d\u2019un gain de temps imm\u00e9diat, d\u2019une baisse de leur charge mentale et d\u2019une concentration retrouv\u00e9e sur ce qui compte vraiment : le d\u00e9veloppement de leur activit\u00e9.<\/p><p><strong><b>Passez \u00e0 l\u2019action d\u00e8s maintenant<\/b><\/strong><\/p><p>Ne laissez plus les t\u00e2ches chronophages freiner votre croissance.<br \/><strong><b>R\u00e9servez un appel d\u00e9couverte<\/b><\/strong>\u00a0d\u00e8s aujourd\u2019hui et d\u00e9couvrez comment notre service d\u2019assistanat virtuel peut transformer votre quotidien professionnel.<\/p>\t\t\t\t\t\t\t\t<\/div>\n\t\t\t\t<\/div>\n\t\t\t\t<div class=\"elementor-element elementor-element-6f4200a elementor-align-center elementor-widget elementor-widget-button\" data-id=\"6f4200a\" data-element_type=\"widget\" data-widget_type=\"button.default\">\n\t\t\t\t<div class=\"elementor-widget-container\">\n\t\t\t\t\t\t\t\t\t<div class=\"elementor-button-wrapper\">\n\t\t\t\t\t<a class=\"elementor-button elementor-button-link elementor-size-md\" href=\"https:\/\/nextco-media.com\/?page_id=97\">\n\t\t\t\t\t\t<span class=\"elementor-button-content-wrapper\">\n\t\t\t\t\t\t\t\t\t<span class=\"elementor-button-text\">Prendre rendez-vous<\/span>\n\t\t\t\t\t<\/span>\n\t\t\t\t\t<\/a>\n\t\t\t\t<\/div>\n\t\t\t\t\t\t\t\t<\/div>\n\t\t\t\t<\/div>\n\t\t\t\t<div class=\"elementor-element elementor-element-d2effe7 elementor-align-center elementor-widget elementor-widget-button\" data-id=\"d2effe7\" data-element_type=\"widget\" data-widget_type=\"button.default\">\n\t\t\t\t<div class=\"elementor-widget-container\">\n\t\t\t\t\t\t\t\t\t<div class=\"elementor-button-wrapper\">\n\t\t\t\t\t<a class=\"elementor-button elementor-button-link elementor-size-md\" href=\"https:\/\/nextco-media.com\/?page_id=97\">\n\t\t\t\t\t\t<span class=\"elementor-button-content-wrapper\">\n\t\t\t\t\t\t\t\t\t<span class=\"elementor-button-text\">Demander une d\u00e9mo<\/span>\n\t\t\t\t\t<\/span>\n\t\t\t\t\t<\/a>\n\t\t\t\t<\/div>\n\t\t\t\t\t\t\t\t<\/div>\n\t\t\t\t<\/div>\n\t\t\t\t\t<\/div>\n\t\t<\/div>\n\t\t\t\t\t<\/div>\n\t\t<\/section>\n\t\t\t\t<\/div>\n\t\t","protected":false},"excerpt":{"rendered":"<p>ASSISTANAT VIRTUEL L\u2019assistanat virtuel : votre alli\u00e9 strat\u00e9gique du quotidien Loin d\u2019\u00eatre une simple ex\u00e9cution de t\u00e2ches, l\u2019assistanat virtuel vous offre un soutien sur-mesure pour optimiser votre organisation, am\u00e9liorer votre productivit\u00e9 et retrouver du temps pour vos priorit\u00e9s. \ud83d\udccc\u00a0Ce que nous g\u00e9rons pour vous : Gestion des courriels et de l\u2019agenda Relances clients et facturation [&hellip;]<\/p>\n","protected":false},"author":1,"featured_media":0,"parent":0,"menu_order":0,"comment_status":"closed","ping_status":"closed","template":"elementor_header_footer","meta":{"_eb_attr":"","footnotes":""},"class_list":["post-474","page","type-page","status-publish","hentry"],"yoast_head":"<!-- This site is optimized with the Yoast SEO plugin v25.6 - https:\/\/yoast.com\/wordpress\/plugins\/seo\/ -->\n<title>ASSISTANAT VIRTUEL - NextCo Media<\/title>\n<meta name=\"robots\" content=\"index, follow, max-snippet:-1, max-image-preview:large, max-video-preview:-1\" \/>\n<link rel=\"canonical\" href=\"https:\/\/nextco-media.com\/?page_id=474\" \/>\n<meta property=\"og:locale\" content=\"fr_FR\" \/>\n<meta property=\"og:type\" content=\"article\" \/>\n<meta property=\"og:title\" content=\"ASSISTANAT VIRTUEL - NextCo Media\" \/>\n<meta property=\"og:description\" content=\"ASSISTANAT VIRTUEL L\u2019assistanat virtuel : votre alli\u00e9 strat\u00e9gique du quotidien Loin d\u2019\u00eatre une simple ex\u00e9cution de t\u00e2ches, l\u2019assistanat virtuel vous offre un soutien sur-mesure pour optimiser votre organisation, am\u00e9liorer votre productivit\u00e9 et retrouver du temps pour vos priorit\u00e9s. \ud83d\udccc\u00a0Ce que nous g\u00e9rons pour vous : Gestion des courriels et de l\u2019agenda Relances clients et facturation [&hellip;]\" \/>\n<meta property=\"og:url\" content=\"https:\/\/nextco-media.com\/?page_id=474\" \/>\n<meta property=\"og:site_name\" content=\"NextCo Media\" \/>\n<meta property=\"article:modified_time\" content=\"2025-07-19T10:24:16+00:00\" \/>\n<meta property=\"og:image\" content=\"https:\/\/nextco-media.com\/wp-content\/uploads\/2025\/07\/assistante.jpeg\" \/>\n\t<meta property=\"og:image:width\" content=\"1500\" \/>\n\t<meta property=\"og:image:height\" content=\"1032\" \/>\n\t<meta property=\"og:image:type\" content=\"image\/jpeg\" \/>\n<meta name=\"twitter:card\" content=\"summary_large_image\" \/>\n<meta name=\"twitter:label1\" content=\"Dur\u00e9e de lecture estim\u00e9e\" \/>\n\t<meta name=\"twitter:data1\" content=\"4 minutes\" \/>\n<script type=\"application\/ld+json\" class=\"yoast-schema-graph\">{\"@context\":\"https:\/\/schema.org\",\"@graph\":[{\"@type\":\"WebPage\",\"@id\":\"https:\/\/nextco-media.com\/?page_id=474\",\"url\":\"https:\/\/nextco-media.com\/?page_id=474\",\"name\":\"ASSISTANAT VIRTUEL - NextCo Media\",\"isPartOf\":{\"@id\":\"https:\/\/nextco-media.com\/#website\"},\"primaryImageOfPage\":{\"@id\":\"https:\/\/nextco-media.com\/?page_id=474#primaryimage\"},\"image\":{\"@id\":\"https:\/\/nextco-media.com\/?page_id=474#primaryimage\"},\"thumbnailUrl\":\"https:\/\/nextco-media.com\/wp-content\/uploads\/2025\/07\/assistante.jpeg\",\"datePublished\":\"2025-07-12T14:28:58+00:00\",\"dateModified\":\"2025-07-19T10:24:16+00:00\",\"breadcrumb\":{\"@id\":\"https:\/\/nextco-media.com\/?page_id=474#breadcrumb\"},\"inLanguage\":\"fr-FR\",\"potentialAction\":[{\"@type\":\"ReadAction\",\"target\":[\"https:\/\/nextco-media.com\/?page_id=474\"]}]},{\"@type\":\"ImageObject\",\"inLanguage\":\"fr-FR\",\"@id\":\"https:\/\/nextco-media.com\/?page_id=474#primaryimage\",\"url\":\"https:\/\/nextco-media.com\/wp-content\/uploads\/2025\/07\/assistante.jpeg\",\"contentUrl\":\"https:\/\/nextco-media.com\/wp-content\/uploads\/2025\/07\/assistante.jpeg\",\"width\":1500,\"height\":1032},{\"@type\":\"BreadcrumbList\",\"@id\":\"https:\/\/nextco-media.com\/?page_id=474#breadcrumb\",\"itemListElement\":[{\"@type\":\"ListItem\",\"position\":1,\"name\":\"Accueil\",\"item\":\"https:\/\/nextco-media.com\/\"},{\"@type\":\"ListItem\",\"position\":2,\"name\":\"ASSISTANAT VIRTUEL\"}]},{\"@type\":\"WebSite\",\"@id\":\"https:\/\/nextco-media.com\/#website\",\"url\":\"https:\/\/nextco-media.com\/\",\"name\":\"NextCo Media\",\"description\":\"Votre agence de prise de rendez vous\",\"publisher\":{\"@id\":\"https:\/\/nextco-media.com\/#organization\"},\"potentialAction\":[{\"@type\":\"SearchAction\",\"target\":{\"@type\":\"EntryPoint\",\"urlTemplate\":\"https:\/\/nextco-media.com\/?s={search_term_string}\"},\"query-input\":{\"@type\":\"PropertyValueSpecification\",\"valueRequired\":true,\"valueName\":\"search_term_string\"}}],\"inLanguage\":\"fr-FR\"},{\"@type\":\"Organization\",\"@id\":\"https:\/\/nextco-media.com\/#organization\",\"name\":\"NextCo Media\",\"url\":\"https:\/\/nextco-media.com\/\",\"logo\":{\"@type\":\"ImageObject\",\"inLanguage\":\"fr-FR\",\"@id\":\"https:\/\/nextco-media.com\/#\/schema\/logo\/image\/\",\"url\":\"https:\/\/nextco-media.com\/wp-content\/uploads\/2025\/05\/cropped-cropped-Blue-Yellow-Letter-Logo-1-1.png\",\"contentUrl\":\"https:\/\/nextco-media.com\/wp-content\/uploads\/2025\/05\/cropped-cropped-Blue-Yellow-Letter-Logo-1-1.png\",\"width\":342,\"height\":257,\"caption\":\"NextCo Media\"},\"image\":{\"@id\":\"https:\/\/nextco-media.com\/#\/schema\/logo\/image\/\"}}]}<\/script>\n<!-- \/ Yoast SEO plugin. -->","yoast_head_json":{"title":"ASSISTANAT VIRTUEL - NextCo Media","robots":{"index":"index","follow":"follow","max-snippet":"max-snippet:-1","max-image-preview":"max-image-preview:large","max-video-preview":"max-video-preview:-1"},"canonical":"https:\/\/nextco-media.com\/?page_id=474","og_locale":"fr_FR","og_type":"article","og_title":"ASSISTANAT VIRTUEL - NextCo Media","og_description":"ASSISTANAT VIRTUEL L\u2019assistanat virtuel : votre alli\u00e9 strat\u00e9gique du quotidien Loin d\u2019\u00eatre une simple ex\u00e9cution de t\u00e2ches, l\u2019assistanat virtuel vous offre un soutien sur-mesure pour optimiser votre organisation, am\u00e9liorer votre productivit\u00e9 et retrouver du temps pour vos priorit\u00e9s. \ud83d\udccc\u00a0Ce que nous g\u00e9rons pour vous : Gestion des courriels et de l\u2019agenda Relances clients et facturation [&hellip;]","og_url":"https:\/\/nextco-media.com\/?page_id=474","og_site_name":"NextCo Media","article_modified_time":"2025-07-19T10:24:16+00:00","og_image":[{"width":1500,"height":1032,"url":"https:\/\/nextco-media.com\/wp-content\/uploads\/2025\/07\/assistante.jpeg","type":"image\/jpeg"}],"twitter_card":"summary_large_image","twitter_misc":{"Dur\u00e9e de lecture estim\u00e9e":"4 minutes"},"schema":{"@context":"https:\/\/schema.org","@graph":[{"@type":"WebPage","@id":"https:\/\/nextco-media.com\/?page_id=474","url":"https:\/\/nextco-media.com\/?page_id=474","name":"ASSISTANAT VIRTUEL - NextCo Media","isPartOf":{"@id":"https:\/\/nextco-media.com\/#website"},"primaryImageOfPage":{"@id":"https:\/\/nextco-media.com\/?page_id=474#primaryimage"},"image":{"@id":"https:\/\/nextco-media.com\/?page_id=474#primaryimage"},"thumbnailUrl":"https:\/\/nextco-media.com\/wp-content\/uploads\/2025\/07\/assistante.jpeg","datePublished":"2025-07-12T14:28:58+00:00","dateModified":"2025-07-19T10:24:16+00:00","breadcrumb":{"@id":"https:\/\/nextco-media.com\/?page_id=474#breadcrumb"},"inLanguage":"fr-FR","potentialAction":[{"@type":"ReadAction","target":["https:\/\/nextco-media.com\/?page_id=474"]}]},{"@type":"ImageObject","inLanguage":"fr-FR","@id":"https:\/\/nextco-media.com\/?page_id=474#primaryimage","url":"https:\/\/nextco-media.com\/wp-content\/uploads\/2025\/07\/assistante.jpeg","contentUrl":"https:\/\/nextco-media.com\/wp-content\/uploads\/2025\/07\/assistante.jpeg","width":1500,"height":1032},{"@type":"BreadcrumbList","@id":"https:\/\/nextco-media.com\/?page_id=474#breadcrumb","itemListElement":[{"@type":"ListItem","position":1,"name":"Accueil","item":"https:\/\/nextco-media.com\/"},{"@type":"ListItem","position":2,"name":"ASSISTANAT VIRTUEL"}]},{"@type":"WebSite","@id":"https:\/\/nextco-media.com\/#website","url":"https:\/\/nextco-media.com\/","name":"NextCo Media","description":"Votre agence de prise de rendez vous","publisher":{"@id":"https:\/\/nextco-media.com\/#organization"},"potentialAction":[{"@type":"SearchAction","target":{"@type":"EntryPoint","urlTemplate":"https:\/\/nextco-media.com\/?s={search_term_string}"},"query-input":{"@type":"PropertyValueSpecification","valueRequired":true,"valueName":"search_term_string"}}],"inLanguage":"fr-FR"},{"@type":"Organization","@id":"https:\/\/nextco-media.com\/#organization","name":"NextCo Media","url":"https:\/\/nextco-media.com\/","logo":{"@type":"ImageObject","inLanguage":"fr-FR","@id":"https:\/\/nextco-media.com\/#\/schema\/logo\/image\/","url":"https:\/\/nextco-media.com\/wp-content\/uploads\/2025\/05\/cropped-cropped-Blue-Yellow-Letter-Logo-1-1.png","contentUrl":"https:\/\/nextco-media.com\/wp-content\/uploads\/2025\/05\/cropped-cropped-Blue-Yellow-Letter-Logo-1-1.png","width":342,"height":257,"caption":"NextCo Media"},"image":{"@id":"https:\/\/nextco-media.com\/#\/schema\/logo\/image\/"}}]}},"_links":{"self":[{"href":"https:\/\/nextco-media.com\/index.php?rest_route=\/wp\/v2\/pages\/474","targetHints":{"allow":["GET"]}}],"collection":[{"href":"https:\/\/nextco-media.com\/index.php?rest_route=\/wp\/v2\/pages"}],"about":[{"href":"https:\/\/nextco-media.com\/index.php?rest_route=\/wp\/v2\/types\/page"}],"author":[{"embeddable":true,"href":"https:\/\/nextco-media.com\/index.php?rest_route=\/wp\/v2\/users\/1"}],"replies":[{"embeddable":true,"href":"https:\/\/nextco-media.com\/index.php?rest_route=%2Fwp%2Fv2%2Fcomments&post=474"}],"version-history":[{"count":20,"href":"https:\/\/nextco-media.com\/index.php?rest_route=\/wp\/v2\/pages\/474\/revisions"}],"predecessor-version":[{"id":598,"href":"https:\/\/nextco-media.com\/index.php?rest_route=\/wp\/v2\/pages\/474\/revisions\/598"}],"wp:attachment":[{"href":"https:\/\/nextco-media.com\/index.php?rest_route=%2Fwp%2Fv2%2Fmedia&parent=474"}],"curies":[{"name":"wp","href":"https:\/\/api.w.org\/{rel}","templated":true}]}}