{"id":528,"date":"2025-07-12T17:18:29","date_gmt":"2025-07-12T15:18:29","guid":{"rendered":"https:\/\/nextco-media.com\/?page_id=528"},"modified":"2025-08-03T19:50:44","modified_gmt":"2025-08-03T17:50:44","slug":"prise-de-rendez-vous-en-assurance-3","status":"publish","type":"page","link":"https:\/\/nextco-media.com\/?page_id=528","title":{"rendered":"PRISE DE RENDEZ-VOUS EN ASSURANCE"},"content":{"rendered":"\t\t<div data-elementor-type=\"wp-page\" data-elementor-id=\"528\" class=\"elementor elementor-528\">\n\t\t\t\t\t\t<section class=\"elementor-section elementor-top-section elementor-element elementor-element-6b0dcfb6 elementor-section-stretched elementor-section-boxed elementor-section-height-default elementor-section-height-default\" data-id=\"6b0dcfb6\" data-element_type=\"section\" data-settings=\"{&quot;stretch_section&quot;:&quot;section-stretched&quot;,&quot;background_background&quot;:&quot;classic&quot;}\">\n\t\t\t\t\t\t<div class=\"elementor-container elementor-column-gap-no\">\n\t\t\t\t\t<div class=\"elementor-column elementor-col-100 elementor-top-column elementor-element elementor-element-7b48ad7\" data-id=\"7b48ad7\" data-element_type=\"column\">\n\t\t\t<div class=\"elementor-widget-wrap elementor-element-populated\">\n\t\t\t\t\t\t<section class=\"elementor-section elementor-inner-section elementor-element elementor-element-188b088a elementor-section-content-bottom elementor-section-boxed elementor-section-height-default elementor-section-height-default\" data-id=\"188b088a\" data-element_type=\"section\">\n\t\t\t\t\t\t<div class=\"elementor-container elementor-column-gap-no\">\n\t\t\t\t\t<div class=\"elementor-column elementor-col-100 elementor-inner-column elementor-element elementor-element-11901354 elementor-invisible\" data-id=\"11901354\" data-element_type=\"column\" data-settings=\"{&quot;animation&quot;:&quot;zoomIn&quot;}\">\n\t\t\t<div class=\"elementor-widget-wrap elementor-element-populated\">\n\t\t\t\t\t\t<div class=\"elementor-element elementor-element-7ea949e1 elementor-widget elementor-widget-heading\" data-id=\"7ea949e1\" data-element_type=\"widget\" data-widget_type=\"heading.default\">\n\t\t\t\t<div class=\"elementor-widget-container\">\n\t\t\t\t\t<h2 class=\"elementor-heading-title elementor-size-default\">Prise de rendez-vous en assurance<\/h2>\t\t\t\t<\/div>\n\t\t\t\t<\/div>\n\t\t\t\t\t<\/div>\n\t\t<\/div>\n\t\t\t\t\t<\/div>\n\t\t<\/section>\n\t\t\t\t\t<\/div>\n\t\t<\/div>\n\t\t\t\t\t<\/div>\n\t\t<\/section>\n\t\t\t\t<section class=\"elementor-section elementor-top-section elementor-element elementor-element-548322bc elementor-section-boxed elementor-section-height-default elementor-section-height-default\" data-id=\"548322bc\" data-element_type=\"section\" data-settings=\"{&quot;background_background&quot;:&quot;classic&quot;}\">\n\t\t\t\t\t\t<div class=\"elementor-container elementor-column-gap-no\">\n\t\t\t\t\t<div class=\"elementor-column elementor-col-50 elementor-top-column elementor-element elementor-element-6e9c5586 elementor-invisible\" data-id=\"6e9c5586\" data-element_type=\"column\" data-settings=\"{&quot;background_background&quot;:&quot;classic&quot;,&quot;animation&quot;:&quot;fadeInLeft&quot;}\">\n\t\t\t<div class=\"elementor-widget-wrap elementor-element-populated\">\n\t\t\t\t\t\t<div class=\"elementor-element elementor-element-5bfa5d8 elementor-widget elementor-widget-heading\" data-id=\"5bfa5d8\" data-element_type=\"widget\" data-widget_type=\"heading.default\">\n\t\t\t\t<div class=\"elementor-widget-container\">\n\t\t\t\t\t<h1 class=\"elementor-heading-title elementor-size-default\">Prise de rendez-vous qualifi\u00e9s pour courtiers en s\u00e9curit\u00e9 financi\u00e8re<\/h1>\t\t\t\t<\/div>\n\t\t\t\t<\/div>\n\t\t\t\t<div class=\"elementor-element elementor-element-90fba35 elementor-widget elementor-widget-text-editor\" data-id=\"90fba35\" data-element_type=\"widget\" data-widget_type=\"text-editor.default\">\n\t\t\t\t<div class=\"elementor-widget-container\">\n\t\t\t\t\t\t\t\t\t<p><strong><b>Vous \u00eates courtier ou un conseiller en s\u00e9curit\u00e9 financi\u00e8re ?<\/b><\/strong><br \/>Votre temps est pr\u00e9cieux. Votre expertise doit \u00eatre consacr\u00e9e \u00e0 conseiller, s\u00e9curiser et conclure\u2026 pas \u00e0 courir apr\u00e8s des rendez-vous.<\/p><p>C\u2019est l\u00e0 que nous intervenons.<\/p><p><strong><b>Nous g\u00e9n\u00e9rons les rendez-vous. Vous fermez les ventes.<\/b><\/strong><\/p><p>Notre service de prise de rendez-vous vous permet de recevoir chaque semaine des clients <strong><b>qualifi\u00e9s, inform\u00e9s et pr\u00eats \u00e0 discuter de leur protection financi\u00e8re<\/b><\/strong>.<\/p><p>Ce que nous faisons pour vous :<\/p><ul><li>Prospection cibl\u00e9e selon votre r\u00e9gion et vos services<\/li><li>Appels t\u00e9l\u00e9phoniques humains et personnalis\u00e9s<\/li><li>Validation des besoins avant chaque rendez-vous<\/li><li>Suivi rigoureux et relances professionnelles<\/li><li>Agenda mis \u00e0 jour en temps r\u00e9el<\/li><\/ul>\t\t\t\t\t\t\t\t<\/div>\n\t\t\t\t<\/div>\n\t\t\t\t\t<\/div>\n\t\t<\/div>\n\t\t\t\t<div class=\"elementor-column elementor-col-50 elementor-top-column elementor-element elementor-element-74ea5b35\" data-id=\"74ea5b35\" data-element_type=\"column\">\n\t\t\t<div class=\"elementor-widget-wrap elementor-element-populated\">\n\t\t\t\t\t\t<div class=\"elementor-element elementor-element-f4e03f8 elementor-widget elementor-widget-image\" data-id=\"f4e03f8\" data-element_type=\"widget\" data-widget_type=\"image.default\">\n\t\t\t\t<div class=\"elementor-widget-container\">\n\t\t\t\t\t\t\t\t\t\t\t\t\t\t\t<img fetchpriority=\"high\" decoding=\"async\" width=\"626\" height=\"417\" src=\"https:\/\/nextco-media.com\/wp-content\/uploads\/2025\/07\/78affa4f3ed4b7455df49bd8db6d907d.jpg\" class=\"attachment-large size-large wp-image-567\" alt=\"\" srcset=\"https:\/\/nextco-media.com\/wp-content\/uploads\/2025\/07\/78affa4f3ed4b7455df49bd8db6d907d.jpg 626w, https:\/\/nextco-media.com\/wp-content\/uploads\/2025\/07\/78affa4f3ed4b7455df49bd8db6d907d-300x200.jpg 300w\" sizes=\"(max-width: 626px) 100vw, 626px\" \/>\t\t\t\t\t\t\t\t\t\t\t\t\t\t\t<\/div>\n\t\t\t\t<\/div>\n\t\t\t\t\t<\/div>\n\t\t<\/div>\n\t\t\t\t\t<\/div>\n\t\t<\/section>\n\t\t\t\t<section class=\"elementor-section elementor-top-section elementor-element elementor-element-a5493b1 elementor-section-boxed elementor-section-height-default elementor-section-height-default\" data-id=\"a5493b1\" data-element_type=\"section\" data-settings=\"{&quot;background_background&quot;:&quot;classic&quot;}\">\n\t\t\t\t\t\t<div class=\"elementor-container elementor-column-gap-no\">\n\t\t\t\t\t<div class=\"elementor-column elementor-col-100 elementor-top-column elementor-element elementor-element-45677e8 elementor-invisible\" data-id=\"45677e8\" data-element_type=\"column\" data-settings=\"{&quot;background_background&quot;:&quot;classic&quot;,&quot;animation&quot;:&quot;fadeInLeft&quot;}\">\n\t\t\t<div class=\"elementor-widget-wrap elementor-element-populated\">\n\t\t\t\t\t\t<div class=\"elementor-element elementor-element-f08600e elementor-widget elementor-widget-text-editor\" data-id=\"f08600e\" data-element_type=\"widget\" data-widget_type=\"text-editor.default\">\n\t\t\t\t<div class=\"elementor-widget-container\">\n\t\t\t\t\t\t\t\t\t<p><strong><b>R\u00e9sultat : vous gagnez du temps et vous augmentez vos ventes<\/b><\/strong><\/p><p>Fini les plages horaires perdues ou les suivis sans fin.<br \/>Vous recevez des rendez-vous <strong><b>solides<\/b><\/strong>, directement dans votre calendrier. Vous restez concentr\u00e9 sur votre r\u00f4le : conseiller et conclure.<\/p><p><strong><b>Offrez-vous une croissance ma\u00eetris\u00e9e, un agenda rempli et une charge mentale all\u00e9g\u00e9e.<\/b><\/strong><\/p><p><strong><b>Essayez notre service d\u00e8s maintenant.<\/b><\/strong><br \/>Parce que votre succ\u00e8s m\u00e9rite une \u00e9quipe \u00e0 la hauteur de vos ambitions.<\/p>\t\t\t\t\t\t\t\t<\/div>\n\t\t\t\t<\/div>\n\t\t\t\t<div class=\"elementor-element elementor-element-a9a3483 elementor-align-center elementor-widget elementor-widget-button\" data-id=\"a9a3483\" data-element_type=\"widget\" data-widget_type=\"button.default\">\n\t\t\t\t<div class=\"elementor-widget-container\">\n\t\t\t\t\t\t\t\t\t<div class=\"elementor-button-wrapper\">\n\t\t\t\t\t<a class=\"elementor-button elementor-button-link elementor-size-md\" href=\"https:\/\/nextco-media.com\/?page_id=97\">\n\t\t\t\t\t\t<span class=\"elementor-button-content-wrapper\">\n\t\t\t\t\t\t\t\t\t<span class=\"elementor-button-text\">Planifier une rencontre d\u00e9couverte<\/span>\n\t\t\t\t\t<\/span>\n\t\t\t\t\t<\/a>\n\t\t\t\t<\/div>\n\t\t\t\t\t\t\t\t<\/div>\n\t\t\t\t<\/div>\n\t\t\t\t\t<\/div>\n\t\t<\/div>\n\t\t\t\t\t<\/div>\n\t\t<\/section>\n\t\t\t\t<\/div>\n\t\t","protected":false},"excerpt":{"rendered":"<p>Prise de rendez-vous en assurance Prise de rendez-vous qualifi\u00e9s pour courtiers en s\u00e9curit\u00e9 financi\u00e8re Vous \u00eates courtier ou un conseiller en s\u00e9curit\u00e9 financi\u00e8re ?Votre temps est pr\u00e9cieux. Votre expertise doit \u00eatre consacr\u00e9e \u00e0 conseiller, s\u00e9curiser et conclure\u2026 pas \u00e0 courir apr\u00e8s des rendez-vous. C\u2019est l\u00e0 que nous intervenons. Nous g\u00e9n\u00e9rons les rendez-vous. Vous fermez les [&hellip;]<\/p>\n","protected":false},"author":1,"featured_media":0,"parent":0,"menu_order":0,"comment_status":"closed","ping_status":"closed","template":"elementor_header_footer","meta":{"_eb_attr":"","footnotes":""},"class_list":["post-528","page","type-page","status-publish","hentry"],"yoast_head":"<!-- This site is optimized with the Yoast SEO plugin v25.6 - https:\/\/yoast.com\/wordpress\/plugins\/seo\/ -->\n<title>PRISE DE RENDEZ-VOUS EN ASSURANCE - NextCo Media<\/title>\n<meta name=\"robots\" content=\"index, follow, max-snippet:-1, max-image-preview:large, max-video-preview:-1\" \/>\n<link rel=\"canonical\" href=\"https:\/\/nextco-media.com\/?page_id=528\" \/>\n<meta property=\"og:locale\" content=\"fr_FR\" \/>\n<meta property=\"og:type\" content=\"article\" \/>\n<meta property=\"og:title\" content=\"PRISE DE RENDEZ-VOUS EN ASSURANCE - NextCo Media\" \/>\n<meta property=\"og:description\" content=\"Prise de rendez-vous en assurance Prise de rendez-vous qualifi\u00e9s pour courtiers en s\u00e9curit\u00e9 financi\u00e8re Vous \u00eates courtier ou un conseiller en s\u00e9curit\u00e9 financi\u00e8re ?Votre temps est pr\u00e9cieux. Votre expertise doit \u00eatre consacr\u00e9e \u00e0 conseiller, s\u00e9curiser et conclure\u2026 pas \u00e0 courir apr\u00e8s des rendez-vous. C\u2019est l\u00e0 que nous intervenons. Nous g\u00e9n\u00e9rons les rendez-vous. Vous fermez les [&hellip;]\" \/>\n<meta property=\"og:url\" content=\"https:\/\/nextco-media.com\/?page_id=528\" \/>\n<meta property=\"og:site_name\" content=\"NextCo Media\" \/>\n<meta property=\"article:modified_time\" content=\"2025-08-03T17:50:44+00:00\" \/>\n<meta property=\"og:image\" content=\"https:\/\/nextco-media.com\/wp-content\/uploads\/2025\/07\/78affa4f3ed4b7455df49bd8db6d907d.jpg\" \/>\n\t<meta property=\"og:image:width\" content=\"626\" \/>\n\t<meta property=\"og:image:height\" content=\"417\" \/>\n\t<meta property=\"og:image:type\" content=\"image\/jpeg\" \/>\n<meta name=\"twitter:card\" content=\"summary_large_image\" \/>\n<meta name=\"twitter:label1\" content=\"Dur\u00e9e de lecture estim\u00e9e\" \/>\n\t<meta name=\"twitter:data1\" content=\"2 minutes\" \/>\n<script type=\"application\/ld+json\" class=\"yoast-schema-graph\">{\"@context\":\"https:\/\/schema.org\",\"@graph\":[{\"@type\":\"WebPage\",\"@id\":\"https:\/\/nextco-media.com\/?page_id=528\",\"url\":\"https:\/\/nextco-media.com\/?page_id=528\",\"name\":\"PRISE DE RENDEZ-VOUS EN ASSURANCE - NextCo Media\",\"isPartOf\":{\"@id\":\"https:\/\/nextco-media.com\/#website\"},\"primaryImageOfPage\":{\"@id\":\"https:\/\/nextco-media.com\/?page_id=528#primaryimage\"},\"image\":{\"@id\":\"https:\/\/nextco-media.com\/?page_id=528#primaryimage\"},\"thumbnailUrl\":\"https:\/\/nextco-media.com\/wp-content\/uploads\/2025\/07\/78affa4f3ed4b7455df49bd8db6d907d.jpg\",\"datePublished\":\"2025-07-12T15:18:29+00:00\",\"dateModified\":\"2025-08-03T17:50:44+00:00\",\"breadcrumb\":{\"@id\":\"https:\/\/nextco-media.com\/?page_id=528#breadcrumb\"},\"inLanguage\":\"fr-FR\",\"potentialAction\":[{\"@type\":\"ReadAction\",\"target\":[\"https:\/\/nextco-media.com\/?page_id=528\"]}]},{\"@type\":\"ImageObject\",\"inLanguage\":\"fr-FR\",\"@id\":\"https:\/\/nextco-media.com\/?page_id=528#primaryimage\",\"url\":\"https:\/\/nextco-media.com\/wp-content\/uploads\/2025\/07\/78affa4f3ed4b7455df49bd8db6d907d.jpg\",\"contentUrl\":\"https:\/\/nextco-media.com\/wp-content\/uploads\/2025\/07\/78affa4f3ed4b7455df49bd8db6d907d.jpg\",\"width\":626,\"height\":417},{\"@type\":\"BreadcrumbList\",\"@id\":\"https:\/\/nextco-media.com\/?page_id=528#breadcrumb\",\"itemListElement\":[{\"@type\":\"ListItem\",\"position\":1,\"name\":\"Accueil\",\"item\":\"https:\/\/nextco-media.com\/\"},{\"@type\":\"ListItem\",\"position\":2,\"name\":\"PRISE DE RENDEZ-VOUS EN ASSURANCE\"}]},{\"@type\":\"WebSite\",\"@id\":\"https:\/\/nextco-media.com\/#website\",\"url\":\"https:\/\/nextco-media.com\/\",\"name\":\"NextCo Media\",\"description\":\"Votre agence de prise de rendez vous\",\"publisher\":{\"@id\":\"https:\/\/nextco-media.com\/#organization\"},\"potentialAction\":[{\"@type\":\"SearchAction\",\"target\":{\"@type\":\"EntryPoint\",\"urlTemplate\":\"https:\/\/nextco-media.com\/?s={search_term_string}\"},\"query-input\":{\"@type\":\"PropertyValueSpecification\",\"valueRequired\":true,\"valueName\":\"search_term_string\"}}],\"inLanguage\":\"fr-FR\"},{\"@type\":\"Organization\",\"@id\":\"https:\/\/nextco-media.com\/#organization\",\"name\":\"NextCo Media\",\"url\":\"https:\/\/nextco-media.com\/\",\"logo\":{\"@type\":\"ImageObject\",\"inLanguage\":\"fr-FR\",\"@id\":\"https:\/\/nextco-media.com\/#\/schema\/logo\/image\/\",\"url\":\"https:\/\/nextco-media.com\/wp-content\/uploads\/2025\/05\/cropped-cropped-Blue-Yellow-Letter-Logo-1-1.png\",\"contentUrl\":\"https:\/\/nextco-media.com\/wp-content\/uploads\/2025\/05\/cropped-cropped-Blue-Yellow-Letter-Logo-1-1.png\",\"width\":342,\"height\":257,\"caption\":\"NextCo Media\"},\"image\":{\"@id\":\"https:\/\/nextco-media.com\/#\/schema\/logo\/image\/\"}}]}<\/script>\n<!-- \/ Yoast SEO plugin. -->","yoast_head_json":{"title":"PRISE DE RENDEZ-VOUS EN ASSURANCE - NextCo Media","robots":{"index":"index","follow":"follow","max-snippet":"max-snippet:-1","max-image-preview":"max-image-preview:large","max-video-preview":"max-video-preview:-1"},"canonical":"https:\/\/nextco-media.com\/?page_id=528","og_locale":"fr_FR","og_type":"article","og_title":"PRISE DE RENDEZ-VOUS EN ASSURANCE - NextCo Media","og_description":"Prise de rendez-vous en assurance Prise de rendez-vous qualifi\u00e9s pour courtiers en s\u00e9curit\u00e9 financi\u00e8re Vous \u00eates courtier ou un conseiller en s\u00e9curit\u00e9 financi\u00e8re ?Votre temps est pr\u00e9cieux. Votre expertise doit \u00eatre consacr\u00e9e \u00e0 conseiller, s\u00e9curiser et conclure\u2026 pas \u00e0 courir apr\u00e8s des rendez-vous. C\u2019est l\u00e0 que nous intervenons. Nous g\u00e9n\u00e9rons les rendez-vous. Vous fermez les [&hellip;]","og_url":"https:\/\/nextco-media.com\/?page_id=528","og_site_name":"NextCo Media","article_modified_time":"2025-08-03T17:50:44+00:00","og_image":[{"width":626,"height":417,"url":"https:\/\/nextco-media.com\/wp-content\/uploads\/2025\/07\/78affa4f3ed4b7455df49bd8db6d907d.jpg","type":"image\/jpeg"}],"twitter_card":"summary_large_image","twitter_misc":{"Dur\u00e9e de lecture estim\u00e9e":"2 minutes"},"schema":{"@context":"https:\/\/schema.org","@graph":[{"@type":"WebPage","@id":"https:\/\/nextco-media.com\/?page_id=528","url":"https:\/\/nextco-media.com\/?page_id=528","name":"PRISE DE RENDEZ-VOUS EN ASSURANCE - NextCo Media","isPartOf":{"@id":"https:\/\/nextco-media.com\/#website"},"primaryImageOfPage":{"@id":"https:\/\/nextco-media.com\/?page_id=528#primaryimage"},"image":{"@id":"https:\/\/nextco-media.com\/?page_id=528#primaryimage"},"thumbnailUrl":"https:\/\/nextco-media.com\/wp-content\/uploads\/2025\/07\/78affa4f3ed4b7455df49bd8db6d907d.jpg","datePublished":"2025-07-12T15:18:29+00:00","dateModified":"2025-08-03T17:50:44+00:00","breadcrumb":{"@id":"https:\/\/nextco-media.com\/?page_id=528#breadcrumb"},"inLanguage":"fr-FR","potentialAction":[{"@type":"ReadAction","target":["https:\/\/nextco-media.com\/?page_id=528"]}]},{"@type":"ImageObject","inLanguage":"fr-FR","@id":"https:\/\/nextco-media.com\/?page_id=528#primaryimage","url":"https:\/\/nextco-media.com\/wp-content\/uploads\/2025\/07\/78affa4f3ed4b7455df49bd8db6d907d.jpg","contentUrl":"https:\/\/nextco-media.com\/wp-content\/uploads\/2025\/07\/78affa4f3ed4b7455df49bd8db6d907d.jpg","width":626,"height":417},{"@type":"BreadcrumbList","@id":"https:\/\/nextco-media.com\/?page_id=528#breadcrumb","itemListElement":[{"@type":"ListItem","position":1,"name":"Accueil","item":"https:\/\/nextco-media.com\/"},{"@type":"ListItem","position":2,"name":"PRISE DE RENDEZ-VOUS EN ASSURANCE"}]},{"@type":"WebSite","@id":"https:\/\/nextco-media.com\/#website","url":"https:\/\/nextco-media.com\/","name":"NextCo Media","description":"Votre agence de prise de rendez vous","publisher":{"@id":"https:\/\/nextco-media.com\/#organization"},"potentialAction":[{"@type":"SearchAction","target":{"@type":"EntryPoint","urlTemplate":"https:\/\/nextco-media.com\/?s={search_term_string}"},"query-input":{"@type":"PropertyValueSpecification","valueRequired":true,"valueName":"search_term_string"}}],"inLanguage":"fr-FR"},{"@type":"Organization","@id":"https:\/\/nextco-media.com\/#organization","name":"NextCo Media","url":"https:\/\/nextco-media.com\/","logo":{"@type":"ImageObject","inLanguage":"fr-FR","@id":"https:\/\/nextco-media.com\/#\/schema\/logo\/image\/","url":"https:\/\/nextco-media.com\/wp-content\/uploads\/2025\/05\/cropped-cropped-Blue-Yellow-Letter-Logo-1-1.png","contentUrl":"https:\/\/nextco-media.com\/wp-content\/uploads\/2025\/05\/cropped-cropped-Blue-Yellow-Letter-Logo-1-1.png","width":342,"height":257,"caption":"NextCo Media"},"image":{"@id":"https:\/\/nextco-media.com\/#\/schema\/logo\/image\/"}}]}},"_links":{"self":[{"href":"https:\/\/nextco-media.com\/index.php?rest_route=\/wp\/v2\/pages\/528","targetHints":{"allow":["GET"]}}],"collection":[{"href":"https:\/\/nextco-media.com\/index.php?rest_route=\/wp\/v2\/pages"}],"about":[{"href":"https:\/\/nextco-media.com\/index.php?rest_route=\/wp\/v2\/types\/page"}],"author":[{"embeddable":true,"href":"https:\/\/nextco-media.com\/index.php?rest_route=\/wp\/v2\/users\/1"}],"replies":[{"embeddable":true,"href":"https:\/\/nextco-media.com\/index.php?rest_route=%2Fwp%2Fv2%2Fcomments&post=528"}],"version-history":[{"count":10,"href":"https:\/\/nextco-media.com\/index.php?rest_route=\/wp\/v2\/pages\/528\/revisions"}],"predecessor-version":[{"id":625,"href":"https:\/\/nextco-media.com\/index.php?rest_route=\/wp\/v2\/pages\/528\/revisions\/625"}],"wp:attachment":[{"href":"https:\/\/nextco-media.com\/index.php?rest_route=%2Fwp%2Fv2%2Fmedia&parent=528"}],"curies":[{"name":"wp","href":"https:\/\/api.w.org\/{rel}","templated":true}]}}