{"id":536,"date":"2025-07-12T17:34:37","date_gmt":"2025-07-12T15:34:37","guid":{"rendered":"https:\/\/nextco-media.com\/?page_id=536"},"modified":"2025-08-03T19:56:35","modified_gmt":"2025-08-03T17:56:35","slug":"la-televente-telemakating-2","status":"publish","type":"page","link":"https:\/\/nextco-media.com\/?page_id=536","title":{"rendered":"LA TELEVENTE &#038; TELEMAKATING"},"content":{"rendered":"\t\t<div data-elementor-type=\"wp-page\" data-elementor-id=\"536\" class=\"elementor elementor-536\">\n\t\t\t\t\t\t<section class=\"elementor-section elementor-top-section elementor-element elementor-element-52598f5e elementor-section-stretched elementor-section-boxed elementor-section-height-default elementor-section-height-default\" data-id=\"52598f5e\" data-element_type=\"section\" data-settings=\"{&quot;stretch_section&quot;:&quot;section-stretched&quot;,&quot;background_background&quot;:&quot;classic&quot;}\">\n\t\t\t\t\t\t<div class=\"elementor-container elementor-column-gap-no\">\n\t\t\t\t\t<div class=\"elementor-column elementor-col-100 elementor-top-column elementor-element elementor-element-48142a43\" data-id=\"48142a43\" data-element_type=\"column\">\n\t\t\t<div class=\"elementor-widget-wrap elementor-element-populated\">\n\t\t\t\t\t\t<section class=\"elementor-section elementor-inner-section elementor-element elementor-element-737552b4 elementor-section-content-bottom elementor-section-boxed elementor-section-height-default elementor-section-height-default\" data-id=\"737552b4\" data-element_type=\"section\">\n\t\t\t\t\t\t<div class=\"elementor-container elementor-column-gap-no\">\n\t\t\t\t\t<div class=\"elementor-column elementor-col-100 elementor-inner-column elementor-element elementor-element-58c289f7 elementor-invisible\" data-id=\"58c289f7\" data-element_type=\"column\" data-settings=\"{&quot;animation&quot;:&quot;zoomIn&quot;}\">\n\t\t\t<div class=\"elementor-widget-wrap elementor-element-populated\">\n\t\t\t\t\t\t<div class=\"elementor-element elementor-element-20da05d5 elementor-widget elementor-widget-heading\" data-id=\"20da05d5\" data-element_type=\"widget\" data-widget_type=\"heading.default\">\n\t\t\t\t<div class=\"elementor-widget-container\">\n\t\t\t\t\t<h1 class=\"elementor-heading-title elementor-size-default\">TELEVENTE ET TELEMARKETING<\/h1>\t\t\t\t<\/div>\n\t\t\t\t<\/div>\n\t\t\t\t\t<\/div>\n\t\t<\/div>\n\t\t\t\t\t<\/div>\n\t\t<\/section>\n\t\t\t\t\t<\/div>\n\t\t<\/div>\n\t\t\t\t\t<\/div>\n\t\t<\/section>\n\t\t\t\t<section class=\"elementor-section elementor-top-section elementor-element elementor-element-4ff0a50c elementor-section-boxed elementor-section-height-default elementor-section-height-default\" data-id=\"4ff0a50c\" data-element_type=\"section\" data-settings=\"{&quot;background_background&quot;:&quot;classic&quot;}\">\n\t\t\t\t\t\t<div class=\"elementor-container elementor-column-gap-no\">\n\t\t\t\t\t<div class=\"elementor-column elementor-col-50 elementor-top-column elementor-element elementor-element-32b83207 elementor-invisible\" data-id=\"32b83207\" data-element_type=\"column\" data-settings=\"{&quot;background_background&quot;:&quot;classic&quot;,&quot;animation&quot;:&quot;fadeInLeft&quot;}\">\n\t\t\t<div class=\"elementor-widget-wrap elementor-element-populated\">\n\t\t\t\t\t\t<div class=\"elementor-element elementor-element-763ee3a elementor-widget elementor-widget-heading\" data-id=\"763ee3a\" data-element_type=\"widget\" data-widget_type=\"heading.default\">\n\t\t\t\t<div class=\"elementor-widget-container\">\n\t\t\t\t\t<h1 class=\"elementor-heading-title elementor-size-default\">T\u00e9l\u00e9vente &amp; Telemarketing by Nextcomedia<\/h1>\t\t\t\t<\/div>\n\t\t\t\t<\/div>\n\t\t\t\t<div class=\"elementor-element elementor-element-9661275 elementor-widget elementor-widget-text-editor\" data-id=\"9661275\" data-element_type=\"widget\" data-widget_type=\"text-editor.default\">\n\t\t\t\t<div class=\"elementor-widget-container\">\n\t\t\t\t\t\t\t\t\t<p>Transformez vos prospects en clients. Automatiquement.<br \/>Chez Nextcomedia, nous aidons les coachs, courtiers, TPE, PME et e-commer\u00e7ants \u00e0 booster leur chiffre d\u2019affaires gr\u00e2ce \u00e0 une strat\u00e9gie simple mais redoutablement efficace : la t\u00e9l\u00e9vente cibl\u00e9e.<br \/>Pendant que vous vous concentrez sur votre expertise, nous nous chargeons de vendre.<\/p><p>\u00a0<\/p>\t\t\t\t\t\t\t\t<\/div>\n\t\t\t\t<\/div>\n\t\t\t\t\t<\/div>\n\t\t<\/div>\n\t\t\t\t<div class=\"elementor-column elementor-col-50 elementor-top-column elementor-element elementor-element-1956ef9b\" data-id=\"1956ef9b\" data-element_type=\"column\">\n\t\t\t<div class=\"elementor-widget-wrap elementor-element-populated\">\n\t\t\t\t\t\t<div class=\"elementor-element elementor-element-ad1575f elementor-widget elementor-widget-image\" data-id=\"ad1575f\" data-element_type=\"widget\" data-widget_type=\"image.default\">\n\t\t\t\t<div class=\"elementor-widget-container\">\n\t\t\t\t\t\t\t\t\t\t\t\t\t\t\t<img fetchpriority=\"high\" decoding=\"async\" width=\"626\" height=\"351\" src=\"https:\/\/nextco-media.com\/wp-content\/uploads\/2025\/07\/commande-site.jpg\" class=\"attachment-full size-full wp-image-569\" alt=\"\" srcset=\"https:\/\/nextco-media.com\/wp-content\/uploads\/2025\/07\/commande-site.jpg 626w, https:\/\/nextco-media.com\/wp-content\/uploads\/2025\/07\/commande-site-300x168.jpg 300w\" sizes=\"(max-width: 626px) 100vw, 626px\" \/>\t\t\t\t\t\t\t\t\t\t\t\t\t\t\t<\/div>\n\t\t\t\t<\/div>\n\t\t\t\t\t<\/div>\n\t\t<\/div>\n\t\t\t\t\t<\/div>\n\t\t<\/section>\n\t\t\t\t<section class=\"elementor-section elementor-top-section elementor-element elementor-element-170260b elementor-section-boxed elementor-section-height-default elementor-section-height-default\" data-id=\"170260b\" data-element_type=\"section\" data-settings=\"{&quot;background_background&quot;:&quot;classic&quot;}\">\n\t\t\t\t\t\t<div class=\"elementor-container elementor-column-gap-no\">\n\t\t\t\t\t<div class=\"elementor-column elementor-col-100 elementor-top-column elementor-element elementor-element-ccad560 elementor-invisible\" data-id=\"ccad560\" data-element_type=\"column\" data-settings=\"{&quot;background_background&quot;:&quot;classic&quot;,&quot;animation&quot;:&quot;fadeInLeft&quot;}\">\n\t\t\t<div class=\"elementor-widget-wrap elementor-element-populated\">\n\t\t\t\t\t\t<div class=\"elementor-element elementor-element-e7aa8fe elementor-widget elementor-widget-text-editor\" data-id=\"e7aa8fe\" data-element_type=\"widget\" data-widget_type=\"text-editor.default\">\n\t\t\t\t<div class=\"elementor-widget-container\">\n\t\t\t\t\t\t\t\t\t<p><strong><b>Ce que nous faisons pour vous<\/b><\/strong><\/p><ul><li><strong><b>Appels sortants strat\u00e9giques<\/b><\/strong>\u00a0vers vos leads ou une base cibl\u00e9e<\/li><li><strong><b>Argumentaire personnalis\u00e9<\/b><\/strong>, clair, humain, orient\u00e9 r\u00e9sultats<\/li><li><strong><b>Relances et suivi proactif<\/b><\/strong>\u00a0jusqu\u2019\u00e0 la conversion ou la prise de rendez-vous<\/li><li><strong><b>Reporting d\u00e9taill\u00e9<\/b><\/strong>\u00a0des performances, suivi des leads en temps r\u00e9el<\/li><li><strong><b>Approche \u00e9thique, professionnelle et respectueuse de votre image de marque<\/b><\/strong><\/li><\/ul><p>Que ce soit pour <strong><b>remplir votre agenda de rendez-vous qualifi\u00e9s<\/b><\/strong>, <strong><b>finaliser des ventes<\/b><\/strong>, ou simplement <strong><b>engager la conversation avec vos prospects<\/b><\/strong>, notre \u00e9quipe devient l\u2019extension commerciale de votre entreprise.<\/p><p><strong><b>Pourquoi \u00e7a fonctionne ?<\/b><\/strong><\/p><p>Parce que nos appels sont <strong><b>faits par des humains, pour des humains.<\/b><\/strong><br \/>Pas de scripts froids, pas d\u2019approche agressive. Juste <strong><b>des appels professionnels<\/b><\/strong>, structur\u00e9s, sinc\u00e8res \u2014 et <strong><b>con\u00e7us pour convertir.<\/b><\/strong><\/p><p>Nos clients constatent :<br \/>Moins de temps perdu \u00e0 prospecter<br \/>Plus de clients engag\u00e9s<br \/>Un flux de ventes plus r\u00e9gulier<br \/>Une croissance ma\u00eetris\u00e9e<\/p><p><strong><b>Pr\u00eat \u00e0 faire d\u00e9coller vos ventes ?<\/b><\/strong><\/p><p>Vous avez une offre de qualit\u00e9. Nous la faisons entendre.<br \/><strong><b>Nextcomedia<\/b><\/strong>, c\u2019est le partenaire de ceux qui veulent grandir <strong><b>vite, bien et intelligemment.<\/b><\/strong><\/p><p><strong><b>Planifiez un appel strat\u00e9gique d\u00e8s aujourd\u2019hui.<\/b><\/strong><br \/>Et donnez \u00e0 votre activit\u00e9 la dynamique commerciale qu\u2019elle m\u00e9rite.<\/p>\t\t\t\t\t\t\t\t<\/div>\n\t\t\t\t<\/div>\n\t\t\t\t<div class=\"elementor-element elementor-element-955f45a elementor-align-center elementor-widget elementor-widget-button\" data-id=\"955f45a\" data-element_type=\"widget\" data-widget_type=\"button.default\">\n\t\t\t\t<div class=\"elementor-widget-container\">\n\t\t\t\t\t\t\t\t\t<div class=\"elementor-button-wrapper\">\n\t\t\t\t\t<a class=\"elementor-button elementor-button-link elementor-size-md\" href=\"https:\/\/nextco-media.com\/?page_id=97\">\n\t\t\t\t\t\t<span class=\"elementor-button-content-wrapper\">\n\t\t\t\t\t\t\t\t\t<span class=\"elementor-button-text\">Prendre rendez-vous avec notre \u00e9quipe<\/span>\n\t\t\t\t\t<\/span>\n\t\t\t\t\t<\/a>\n\t\t\t\t<\/div>\n\t\t\t\t\t\t\t\t<\/div>\n\t\t\t\t<\/div>\n\t\t\t\t<div class=\"elementor-element elementor-element-21e1e1d elementor-align-center elementor-widget elementor-widget-button\" data-id=\"21e1e1d\" data-element_type=\"widget\" data-widget_type=\"button.default\">\n\t\t\t\t<div class=\"elementor-widget-container\">\n\t\t\t\t\t\t\t\t\t<div class=\"elementor-button-wrapper\">\n\t\t\t\t\t<a class=\"elementor-button elementor-button-link elementor-size-md\" href=\"https:\/\/nextco-media.com\/?page_id=97\">\n\t\t\t\t\t\t<span class=\"elementor-button-content-wrapper\">\n\t\t\t\t\t\t\t\t\t<span class=\"elementor-button-text\"> En savoir plus<\/span>\n\t\t\t\t\t<\/span>\n\t\t\t\t\t<\/a>\n\t\t\t\t<\/div>\n\t\t\t\t\t\t\t\t<\/div>\n\t\t\t\t<\/div>\n\t\t\t\t\t<\/div>\n\t\t<\/div>\n\t\t\t\t\t<\/div>\n\t\t<\/section>\n\t\t\t\t<\/div>\n\t\t","protected":false},"excerpt":{"rendered":"<p>TELEVENTE ET TELEMARKETING T\u00e9l\u00e9vente &amp; Telemarketing by Nextcomedia Transformez vos prospects en clients. Automatiquement.Chez Nextcomedia, nous aidons les coachs, courtiers, TPE, PME et e-commer\u00e7ants \u00e0 booster leur chiffre d\u2019affaires gr\u00e2ce \u00e0 une strat\u00e9gie simple mais redoutablement efficace : la t\u00e9l\u00e9vente cibl\u00e9e.Pendant que vous vous concentrez sur votre expertise, nous nous chargeons de vendre. \u00a0 Ce [&hellip;]<\/p>\n","protected":false},"author":1,"featured_media":0,"parent":0,"menu_order":0,"comment_status":"closed","ping_status":"closed","template":"elementor_header_footer","meta":{"_eb_attr":"","footnotes":""},"class_list":["post-536","page","type-page","status-publish","hentry"],"yoast_head":"<!-- This site is optimized with the Yoast SEO plugin v25.6 - https:\/\/yoast.com\/wordpress\/plugins\/seo\/ -->\n<title>LA TELEVENTE &amp; TELEMAKATING - NextCo Media<\/title>\n<meta name=\"robots\" content=\"index, follow, max-snippet:-1, max-image-preview:large, max-video-preview:-1\" \/>\n<link rel=\"canonical\" href=\"https:\/\/nextco-media.com\/?page_id=536\" \/>\n<meta property=\"og:locale\" content=\"fr_FR\" \/>\n<meta property=\"og:type\" content=\"article\" \/>\n<meta property=\"og:title\" content=\"LA TELEVENTE &amp; TELEMAKATING - NextCo Media\" \/>\n<meta property=\"og:description\" content=\"TELEVENTE ET TELEMARKETING T\u00e9l\u00e9vente &amp; Telemarketing by Nextcomedia Transformez vos prospects en clients. Automatiquement.Chez Nextcomedia, nous aidons les coachs, courtiers, TPE, PME et e-commer\u00e7ants \u00e0 booster leur chiffre d\u2019affaires gr\u00e2ce \u00e0 une strat\u00e9gie simple mais redoutablement efficace : la t\u00e9l\u00e9vente cibl\u00e9e.Pendant que vous vous concentrez sur votre expertise, nous nous chargeons de vendre. \u00a0 Ce [&hellip;]\" \/>\n<meta property=\"og:url\" content=\"https:\/\/nextco-media.com\/?page_id=536\" \/>\n<meta property=\"og:site_name\" content=\"NextCo Media\" \/>\n<meta property=\"article:modified_time\" content=\"2025-08-03T17:56:35+00:00\" \/>\n<meta property=\"og:image\" content=\"https:\/\/nextco-media.com\/wp-content\/uploads\/2025\/07\/commande-site.jpg\" \/>\n\t<meta property=\"og:image:width\" content=\"626\" \/>\n\t<meta property=\"og:image:height\" content=\"351\" \/>\n\t<meta property=\"og:image:type\" content=\"image\/jpeg\" \/>\n<meta name=\"twitter:card\" content=\"summary_large_image\" \/>\n<meta name=\"twitter:label1\" content=\"Dur\u00e9e de lecture estim\u00e9e\" \/>\n\t<meta name=\"twitter:data1\" content=\"2 minutes\" \/>\n<script type=\"application\/ld+json\" class=\"yoast-schema-graph\">{\"@context\":\"https:\/\/schema.org\",\"@graph\":[{\"@type\":\"WebPage\",\"@id\":\"https:\/\/nextco-media.com\/?page_id=536\",\"url\":\"https:\/\/nextco-media.com\/?page_id=536\",\"name\":\"LA TELEVENTE & TELEMAKATING - NextCo Media\",\"isPartOf\":{\"@id\":\"https:\/\/nextco-media.com\/#website\"},\"primaryImageOfPage\":{\"@id\":\"https:\/\/nextco-media.com\/?page_id=536#primaryimage\"},\"image\":{\"@id\":\"https:\/\/nextco-media.com\/?page_id=536#primaryimage\"},\"thumbnailUrl\":\"https:\/\/nextco-media.com\/wp-content\/uploads\/2025\/07\/commande-site.jpg\",\"datePublished\":\"2025-07-12T15:34:37+00:00\",\"dateModified\":\"2025-08-03T17:56:35+00:00\",\"breadcrumb\":{\"@id\":\"https:\/\/nextco-media.com\/?page_id=536#breadcrumb\"},\"inLanguage\":\"fr-FR\",\"potentialAction\":[{\"@type\":\"ReadAction\",\"target\":[\"https:\/\/nextco-media.com\/?page_id=536\"]}]},{\"@type\":\"ImageObject\",\"inLanguage\":\"fr-FR\",\"@id\":\"https:\/\/nextco-media.com\/?page_id=536#primaryimage\",\"url\":\"https:\/\/nextco-media.com\/wp-content\/uploads\/2025\/07\/commande-site.jpg\",\"contentUrl\":\"https:\/\/nextco-media.com\/wp-content\/uploads\/2025\/07\/commande-site.jpg\",\"width\":626,\"height\":351},{\"@type\":\"BreadcrumbList\",\"@id\":\"https:\/\/nextco-media.com\/?page_id=536#breadcrumb\",\"itemListElement\":[{\"@type\":\"ListItem\",\"position\":1,\"name\":\"Accueil\",\"item\":\"https:\/\/nextco-media.com\/\"},{\"@type\":\"ListItem\",\"position\":2,\"name\":\"LA TELEVENTE &#038; TELEMAKATING\"}]},{\"@type\":\"WebSite\",\"@id\":\"https:\/\/nextco-media.com\/#website\",\"url\":\"https:\/\/nextco-media.com\/\",\"name\":\"NextCo Media\",\"description\":\"Votre agence de prise de rendez vous\",\"publisher\":{\"@id\":\"https:\/\/nextco-media.com\/#organization\"},\"potentialAction\":[{\"@type\":\"SearchAction\",\"target\":{\"@type\":\"EntryPoint\",\"urlTemplate\":\"https:\/\/nextco-media.com\/?s={search_term_string}\"},\"query-input\":{\"@type\":\"PropertyValueSpecification\",\"valueRequired\":true,\"valueName\":\"search_term_string\"}}],\"inLanguage\":\"fr-FR\"},{\"@type\":\"Organization\",\"@id\":\"https:\/\/nextco-media.com\/#organization\",\"name\":\"NextCo Media\",\"url\":\"https:\/\/nextco-media.com\/\",\"logo\":{\"@type\":\"ImageObject\",\"inLanguage\":\"fr-FR\",\"@id\":\"https:\/\/nextco-media.com\/#\/schema\/logo\/image\/\",\"url\":\"https:\/\/nextco-media.com\/wp-content\/uploads\/2025\/05\/cropped-cropped-Blue-Yellow-Letter-Logo-1-1.png\",\"contentUrl\":\"https:\/\/nextco-media.com\/wp-content\/uploads\/2025\/05\/cropped-cropped-Blue-Yellow-Letter-Logo-1-1.png\",\"width\":342,\"height\":257,\"caption\":\"NextCo Media\"},\"image\":{\"@id\":\"https:\/\/nextco-media.com\/#\/schema\/logo\/image\/\"}}]}<\/script>\n<!-- \/ Yoast SEO plugin. -->","yoast_head_json":{"title":"LA TELEVENTE & TELEMAKATING - NextCo Media","robots":{"index":"index","follow":"follow","max-snippet":"max-snippet:-1","max-image-preview":"max-image-preview:large","max-video-preview":"max-video-preview:-1"},"canonical":"https:\/\/nextco-media.com\/?page_id=536","og_locale":"fr_FR","og_type":"article","og_title":"LA TELEVENTE & TELEMAKATING - NextCo Media","og_description":"TELEVENTE ET TELEMARKETING T\u00e9l\u00e9vente &amp; Telemarketing by Nextcomedia Transformez vos prospects en clients. Automatiquement.Chez Nextcomedia, nous aidons les coachs, courtiers, TPE, PME et e-commer\u00e7ants \u00e0 booster leur chiffre d\u2019affaires gr\u00e2ce \u00e0 une strat\u00e9gie simple mais redoutablement efficace : la t\u00e9l\u00e9vente cibl\u00e9e.Pendant que vous vous concentrez sur votre expertise, nous nous chargeons de vendre. \u00a0 Ce [&hellip;]","og_url":"https:\/\/nextco-media.com\/?page_id=536","og_site_name":"NextCo Media","article_modified_time":"2025-08-03T17:56:35+00:00","og_image":[{"width":626,"height":351,"url":"https:\/\/nextco-media.com\/wp-content\/uploads\/2025\/07\/commande-site.jpg","type":"image\/jpeg"}],"twitter_card":"summary_large_image","twitter_misc":{"Dur\u00e9e de lecture estim\u00e9e":"2 minutes"},"schema":{"@context":"https:\/\/schema.org","@graph":[{"@type":"WebPage","@id":"https:\/\/nextco-media.com\/?page_id=536","url":"https:\/\/nextco-media.com\/?page_id=536","name":"LA TELEVENTE & TELEMAKATING - NextCo Media","isPartOf":{"@id":"https:\/\/nextco-media.com\/#website"},"primaryImageOfPage":{"@id":"https:\/\/nextco-media.com\/?page_id=536#primaryimage"},"image":{"@id":"https:\/\/nextco-media.com\/?page_id=536#primaryimage"},"thumbnailUrl":"https:\/\/nextco-media.com\/wp-content\/uploads\/2025\/07\/commande-site.jpg","datePublished":"2025-07-12T15:34:37+00:00","dateModified":"2025-08-03T17:56:35+00:00","breadcrumb":{"@id":"https:\/\/nextco-media.com\/?page_id=536#breadcrumb"},"inLanguage":"fr-FR","potentialAction":[{"@type":"ReadAction","target":["https:\/\/nextco-media.com\/?page_id=536"]}]},{"@type":"ImageObject","inLanguage":"fr-FR","@id":"https:\/\/nextco-media.com\/?page_id=536#primaryimage","url":"https:\/\/nextco-media.com\/wp-content\/uploads\/2025\/07\/commande-site.jpg","contentUrl":"https:\/\/nextco-media.com\/wp-content\/uploads\/2025\/07\/commande-site.jpg","width":626,"height":351},{"@type":"BreadcrumbList","@id":"https:\/\/nextco-media.com\/?page_id=536#breadcrumb","itemListElement":[{"@type":"ListItem","position":1,"name":"Accueil","item":"https:\/\/nextco-media.com\/"},{"@type":"ListItem","position":2,"name":"LA TELEVENTE &#038; TELEMAKATING"}]},{"@type":"WebSite","@id":"https:\/\/nextco-media.com\/#website","url":"https:\/\/nextco-media.com\/","name":"NextCo Media","description":"Votre agence de prise de rendez vous","publisher":{"@id":"https:\/\/nextco-media.com\/#organization"},"potentialAction":[{"@type":"SearchAction","target":{"@type":"EntryPoint","urlTemplate":"https:\/\/nextco-media.com\/?s={search_term_string}"},"query-input":{"@type":"PropertyValueSpecification","valueRequired":true,"valueName":"search_term_string"}}],"inLanguage":"fr-FR"},{"@type":"Organization","@id":"https:\/\/nextco-media.com\/#organization","name":"NextCo Media","url":"https:\/\/nextco-media.com\/","logo":{"@type":"ImageObject","inLanguage":"fr-FR","@id":"https:\/\/nextco-media.com\/#\/schema\/logo\/image\/","url":"https:\/\/nextco-media.com\/wp-content\/uploads\/2025\/05\/cropped-cropped-Blue-Yellow-Letter-Logo-1-1.png","contentUrl":"https:\/\/nextco-media.com\/wp-content\/uploads\/2025\/05\/cropped-cropped-Blue-Yellow-Letter-Logo-1-1.png","width":342,"height":257,"caption":"NextCo Media"},"image":{"@id":"https:\/\/nextco-media.com\/#\/schema\/logo\/image\/"}}]}},"_links":{"self":[{"href":"https:\/\/nextco-media.com\/index.php?rest_route=\/wp\/v2\/pages\/536","targetHints":{"allow":["GET"]}}],"collection":[{"href":"https:\/\/nextco-media.com\/index.php?rest_route=\/wp\/v2\/pages"}],"about":[{"href":"https:\/\/nextco-media.com\/index.php?rest_route=\/wp\/v2\/types\/page"}],"author":[{"embeddable":true,"href":"https:\/\/nextco-media.com\/index.php?rest_route=\/wp\/v2\/users\/1"}],"replies":[{"embeddable":true,"href":"https:\/\/nextco-media.com\/index.php?rest_route=%2Fwp%2Fv2%2Fcomments&post=536"}],"version-history":[{"count":19,"href":"https:\/\/nextco-media.com\/index.php?rest_route=\/wp\/v2\/pages\/536\/revisions"}],"predecessor-version":[{"id":630,"href":"https:\/\/nextco-media.com\/index.php?rest_route=\/wp\/v2\/pages\/536\/revisions\/630"}],"wp:attachment":[{"href":"https:\/\/nextco-media.com\/index.php?rest_route=%2Fwp%2Fv2%2Fmedia&parent=536"}],"curies":[{"name":"wp","href":"https:\/\/api.w.org\/{rel}","templated":true}]}}